{"id":114,"date":"2024-10-30T12:22:40","date_gmt":"2024-10-30T12:22:40","guid":{"rendered":"https:\/\/atanceenglish.com\/?page_id=114"},"modified":"2024-10-30T12:23:14","modified_gmt":"2024-10-30T12:23:14","slug":"aviso-legal","status":"publish","type":"page","link":"https:\/\/atanceenglish.com\/en\/aviso-legal\/","title":{"rendered":"Legal Notice"},"content":{"rendered":"<p>El titular del sitio web sitio\u00a0web\u00a0<a href=\"https:\/\/www.facemedical.es\/\" target=\"_blank\" rel=\"noreferrer noopener\">https:\/\/atanceenglish.com\/<\/a>\u00a0\u00a0es Jos\u00e9 Atance Hern\u00e1ndez, con DNI 30467399N y domicilio sito en \u00a0Pasadizo Pintor Racionero Castro N : 14 PISO 3 B, Cordoba<\/p>\n\n\n\n<p>Con \u00e1nimo de que el uso del sitio web se ajuste a criterios de transparencia, claridad y sencillez, FaceMedical, SL. informa al usuario que cualquier sugerencia, duda o consulta sobre el presente Aviso Legal o cualquier otro documento informativo del sitio web ser\u00e1 recibida y solucionada contactando con FaceMedical, SL. a trav\u00e9s de la direcci\u00f3n de correo electr\u00f3nica:\u00a0<a href=\"mailto:pepeatace@gmail.com\">pepeatace@gmail.com<\/a> <\/p>\n\n\n\n<h2 class=\"wp-block-heading\">Propiedad Intelectual<\/h2>\n\n\n\n<p>Todos los contenidos que se muestran en el presente sitio web, y en especial dise\u00f1os, textos, im\u00e1genes, logos, iconos, nombres comerciales, marcas o cualquier otra informaci\u00f3n susceptible de utilizaci\u00f3n industrial y\/o comercial est\u00e1n protegidos por los correspondientes derechos de autor, no permitiendo su reproducci\u00f3n, transmisi\u00f3n o registro de informaci\u00f3n salvo autorizaci\u00f3n previa del titular. \u00a0No obstante el usuario podr\u00e1 utilizar informaci\u00f3n facilitada para gestionar su pedido y los datos de contacto correspondientes.<\/p>\n\n\n\n<h2 class=\"wp-block-heading\">Enlaces<\/h2>\n\n\n\n<p>Jos\u00e9 Atance Hern\u00e1ndez no asume ninguna responsabilidad sobre los enlaces hac\u00eda otros sitios o p\u00e1ginas web que, en su caso, pudieran incluirse en el mismo, ya que no tiene ning\u00fan tipo de control sobre los mismos, por lo que el usuario accede bajo su exclusiva responsabilidad al contenido y en las condiciones de uso que rijan en los mismos.<\/p>","protected":false},"excerpt":{"rendered":"<p>El titular del sitio web sitio\u00a0web\u00a0https:\/\/atanceenglish.com\/\u00a0\u00a0es Jos\u00e9 Atance Hern\u00e1ndez, con DNI 30467399N y domicilio sito en \u00a0Pasadizo Pintor Racionero Castro N : 14 PISO 3 B, Cordoba Con \u00e1nimo de que el uso del sitio web se ajuste a criterios de transparencia, claridad y sencillez, FaceMedical, SL. informa al usuario que cualquier sugerencia, duda o [&hellip;]<\/p>","protected":false},"author":1,"featured_media":0,"parent":0,"menu_order":0,"comment_status":"closed","ping_status":"closed","template":"","meta":{"_et_pb_use_builder":"off","_et_pb_old_content":"","_et_gb_content_width":"","footnotes":""},"class_list":["post-114","page","type-page","status-publish","hentry"],"aioseo_notices":[],"_links":{"self":[{"href":"https:\/\/atanceenglish.com\/en\/wp-json\/wp\/v2\/pages\/114","targetHints":{"allow":["GET"]}}],"collection":[{"href":"https:\/\/atanceenglish.com\/en\/wp-json\/wp\/v2\/pages"}],"about":[{"href":"https:\/\/atanceenglish.com\/en\/wp-json\/wp\/v2\/types\/page"}],"author":[{"embeddable":true,"href":"https:\/\/atanceenglish.com\/en\/wp-json\/wp\/v2\/users\/1"}],"replies":[{"embeddable":true,"href":"https:\/\/atanceenglish.com\/en\/wp-json\/wp\/v2\/comments?post=114"}],"version-history":[{"count":1,"href":"https:\/\/atanceenglish.com\/en\/wp-json\/wp\/v2\/pages\/114\/revisions"}],"predecessor-version":[{"id":115,"href":"https:\/\/atanceenglish.com\/en\/wp-json\/wp\/v2\/pages\/114\/revisions\/115"}],"wp:attachment":[{"href":"https:\/\/atanceenglish.com\/en\/wp-json\/wp\/v2\/media?parent=114"}],"curies":[{"name":"wp","href":"https:\/\/api.w.org\/{rel}","templated":true}]}}