{"id":3,"date":"2024-10-30T04:19:27","date_gmt":"2024-10-30T04:19:27","guid":{"rendered":"http:\/\/atanceenglish.com\/?page_id=3"},"modified":"2024-10-30T12:30:51","modified_gmt":"2024-10-30T12:30:51","slug":"privacy-policy","status":"publish","type":"page","link":"https:\/\/atanceenglish.com\/en\/privacy-policy\/","title":{"rendered":"Privacy Policy"},"content":{"rendered":"<h2 class=\"wp-block-heading\">Introducci\u00f3n<\/h2>\n\n\n\n<p>La presente Pol\u00edtica de Privacidad ha sido desarrollada teniendo en cuenta lo dispuesto por la Ley Org\u00e1nica de Protecci\u00f3n de Datos de car\u00e1cter personal en vigor, as\u00ed como por el Reglamento 2016\/679 del Parlamento Europeo y del consejo del 27 de abril de 2016 relativo a la protecci\u00f3n de las personas f\u00edsicas en lo que respecta al tratamiento de datos personales y a la circulaci\u00f3n de estos datos, en adelante el RGPD.<\/p>\n\n\n\n<p>\u200b<\/p>\n\n\n\n<p>Esta Pol\u00edtica de Privacidad tiene por objeto poner en conocimiento de los titulares de los datos personales, respecto de los cuales se est\u00e1 recabando informaci\u00f3n, los aspectos espec\u00edficos relativos al tratamiento sus datos, entre otras cosas, las finalidades de los tratamientos, los datos de contacto para ejercer los derechos que le asisten, los plazos de conservaci\u00f3n de la informaci\u00f3n y las medidas de seguridad entre otras cosas.<\/p>\n\n\n\n<h2 class=\"wp-block-heading\">Responsable del Tratamiento<\/h2>\n\n\n\n<p>Todos los contenidos que se muestran en el presente sitio web, y en especial dise\u00f1os, textos, im\u00e1genes, logos, iconos, nombres comerciales, marcas o cualquier otra informaci\u00f3n susceptible de utilizaci\u00f3n industrial y\/o comercial est\u00e1n protegidos por los correspondientes derechos de autor, no permitiendo su re<\/p>\n\n\n\n<p>En t\u00e9rminos de protecci\u00f3n de datos Face Medical SL, debe ser considerado Responsable del Tratamiento, en relaci\u00f3n a los tratamientos identificados en la presente pol\u00edtica, concretamente en el apartado Tratamientos de datos.<\/p>\n\n\n\n<p>A continuaci\u00f3n, se indican los datos identificativos del titular de la WEB\u00a0<\/p>\n\n\n\n<p>Responsable del Tratamiento: Jos\u00e1 Atance Henandez<\/p>\n\n\n\n<p>Direcci\u00f3n postal: Pasadizo Pintor Racionero Castro N : 14 PISO 3 B<\/p>\n\n\n\n<p>Direcci\u00f3n electr\u00f3nica:\u00a0<a href=\"mailto:pepeatance@gamil.com\">pepeatance@gamil.com<\/a><\/p>\n\n\n\n<p>producci\u00f3n, transmisi\u00f3n o registro de informaci\u00f3n salvo autorizaci\u00f3n previa del titular, FaceMedical, SL. &nbsp;No obstante el usuario podr\u00e1 utilizar informaci\u00f3n facilitada para gestionar su pedido y los datos de contacto correspondientes.<\/p>\n\n\n\n<h2 class=\"wp-block-heading\">Tratamientos de datos<\/h2>\n\n\n\n<p>Los datos de car\u00e1cter personal que se soliciten, en su caso, consistir\u00e1n \u00fanicamente en aquellos estrictamente imprescindibles para identificar y atender la solicitud realizada por el titular de los mismos, en adelante el interesado. Dicha informaci\u00f3n ser\u00e1 tratada de forma leal, l\u00edcita y transparente en relaci\u00f3n con el interesado. Por otra parte, los datos personales ser\u00e1n recogidos para finalidades determinadas expl\u00edcitas y leg\u00edtimas, no siendo tratados ulteriormente de manera con incompatible con dichos fines.<\/p>\n\n\n\n<p>Los datos recogidos de cada interesado ser\u00e1n adecuados, pertinentes y no excesivos en relaci\u00f3n a las finalidades correspondientes para cada caso, y ser\u00e1n actualizados siempre que sea necesario.<\/p>\n\n\n\n<p>El titular de los datos ser\u00e1 informado, con car\u00e1cter previo a la recogida de sus datos, de los extremos generales regulados en esta pol\u00edtica a fin de que pueda prestar el consentimiento expreso, preciso e inequ\u00edvoco para el tratamiento de sus datos, conforme a los siguientes aspectos.<\/p>","protected":false},"excerpt":{"rendered":"<p>Introducci\u00f3n La presente Pol\u00edtica de Privacidad ha sido desarrollada teniendo en cuenta lo dispuesto por la Ley Org\u00e1nica de Protecci\u00f3n de Datos de car\u00e1cter personal en vigor, as\u00ed como por el Reglamento 2016\/679 del Parlamento Europeo y del consejo del 27 de abril de 2016 relativo a la protecci\u00f3n de las personas f\u00edsicas en lo [&hellip;]<\/p>","protected":false},"author":1,"featured_media":0,"parent":0,"menu_order":0,"comment_status":"closed","ping_status":"open","template":"","meta":{"_et_pb_use_builder":"","_et_pb_old_content":"","_et_gb_content_width":"","footnotes":""},"class_list":["post-3","page","type-page","status-publish","hentry"],"aioseo_notices":[],"_links":{"self":[{"href":"https:\/\/atanceenglish.com\/en\/wp-json\/wp\/v2\/pages\/3","targetHints":{"allow":["GET"]}}],"collection":[{"href":"https:\/\/atanceenglish.com\/en\/wp-json\/wp\/v2\/pages"}],"about":[{"href":"https:\/\/atanceenglish.com\/en\/wp-json\/wp\/v2\/types\/page"}],"author":[{"embeddable":true,"href":"https:\/\/atanceenglish.com\/en\/wp-json\/wp\/v2\/users\/1"}],"replies":[{"embeddable":true,"href":"https:\/\/atanceenglish.com\/en\/wp-json\/wp\/v2\/comments?post=3"}],"version-history":[{"count":1,"href":"https:\/\/atanceenglish.com\/en\/wp-json\/wp\/v2\/pages\/3\/revisions"}],"predecessor-version":[{"id":119,"href":"https:\/\/atanceenglish.com\/en\/wp-json\/wp\/v2\/pages\/3\/revisions\/119"}],"wp:attachment":[{"href":"https:\/\/atanceenglish.com\/en\/wp-json\/wp\/v2\/media?parent=3"}],"curies":[{"name":"wp","href":"https:\/\/api.w.org\/{rel}","templated":true}]}}