{"id":84,"date":"2024-10-30T10:01:35","date_gmt":"2024-10-30T10:01:35","guid":{"rendered":"https:\/\/atanceenglish.com\/?page_id=84"},"modified":"2024-10-30T12:41:00","modified_gmt":"2024-10-30T12:41:00","slug":"contacto","status":"publish","type":"page","link":"https:\/\/atanceenglish.com\/en\/contacto\/","title":{"rendered":"Contact"},"content":{"rendered":"<p>[et_pb_section fb_built=\u00bb1&#8243; admin_label=\u00bbHeader\u00bb _builder_version=\u00bb4.16&#8243; background_image=\u00bbhttps:\/\/atanceenglish.com\/wp-content\/uploads\/2024\/10\/interpreter-65.png\u00bb background_position=\u00bbbottom_center\u00bb custom_padding=\u00bb||8vw||false|false\u00bb global_colors_info=\u00bb{}\u00bb][et_pb_row column_structure=\u00bb1_2,1_2&#8243; _builder_version=\u00bb4.16&#8243; locked=\u00bboff\u00bb global_colors_info=\u00bb{}\u00bb][et_pb_column type=\u00bb1_2&#8243; _builder_version=\u00bb4.16&#8243; z_index=\u00bb11&#8243; global_colors_info=\u00bb{}\u00bb][et_pb_text _builder_version=\u00bb4.24.2&#8243; text_font=\u00bbRubik||||||||\u00bb text_font_size=\u00bb18px\u00bb text_line_height=\u00bb2em\u00bb header_font=\u00bbRubik|500|||||||\u00bb header_text_color=\u00bb#1a3066&#8243; header_font_size=\u00bb54px\u00bb header_line_height=\u00bb1.3em\u00bb text_font_size_tablet=\u00bb16px\u00bb text_font_size_phone=\u00bb14px\u00bb text_font_size_last_edited=\u00bbon|phone\u00bb header_font_size_tablet=\u00bb44px\u00bb header_font_size_phone=\u00bb26px\u00bb header_font_size_last_edited=\u00bbon|phone\u00bb global_colors_info=\u00bb{}\u00bb]<\/p>\n<h1> Cont\u00e1ctame para empezar tu camino en ingl\u00e9s<\/h1>\n<p>Con m\u00e1s de 15 a\u00f1os de experiencia en ense\u00f1anza y preparaci\u00f3n para ex\u00e1menes oficiales, ofrezco clases de ingl\u00e9s online adaptadas a cada necesidad. Desde el primer contacto, estar\u00e9 disponible para ajustar horarios y contenidos a tus objetivos, ya sea mejorar tu conversaci\u00f3n, aprobar un examen Cambridge, o dominar el ingl\u00e9s profesional. No dudes en escribir para reservar tu clase de prueba gratuita y comprobar c\u00f3mo el aprendizaje puede ser efectivo y c\u00f3modo.\u201d[\/et_pb_text][\/et_pb_column][et_pb_column type=\u00bb1_2&#8243; _builder_version=\u00bb4.16&#8243; background_color=\u00bb#ffffff\u00bb custom_padding=\u00bb60px|40px|60px|40px|true|true\u00bb custom_padding_tablet=\u00bb40px|30px|40px|30px|true|true\u00bb custom_padding_phone=\u00bb20px|20px|20px|20px|true|true\u00bb custom_padding_last_edited=\u00bbon|phone\u00bb border_radii=\u00bbon|24px|24px|24px|24px\u00bb box_shadow_style=\u00bbpreset3&#8243; box_shadow_vertical=\u00bb32px\u00bb box_shadow_blur=\u00bb52px\u00bb box_shadow_spread=\u00bb0px\u00bb box_shadow_color=\u00bbrgba(26,48,102,0.1)\u00bb global_colors_info=\u00bb{}\u00bb][et_pb_contact_form captcha=\u00bboff\u00bb email=\u00bbpepeatance@gmail.com, miranda993@gmail.com\u00bb title=\u00bbCont\u00e1ctame \u00bb custom_message=\u00bbMensaje desde https:\/\/atanceenglish.com\/ :||et_pb_line_break_holder||Nombre: %%Name%% ||et_pb_line_break_holder||Email: %%email%%||et_pb_line_break_holder||Mensaje: %%message%%\u00bb success_message=\u00bbMensaje enviado\u00bb submit_button_text=\u00bbEnv\u00eda mensaje\u00bb _builder_version=\u00bb4.27.2&#8243; form_field_background_color=\u00bb#f3f8fd\u00bb form_field_custom_margin=\u00bb||20px||false|false\u00bb form_field_font=\u00bbRubik||||||||\u00bb form_field_font_size=\u00bb15px\u00bb form_field_line_height=\u00bb2em\u00bb custom_button=\u00bbon\u00bb button_text_size=\u00bb18px\u00bb button_text_color=\u00bb#1A3066&#8243; button_bg_color=\u00bb#ffcc57&#8243; button_border_width=\u00bb0px\u00bb button_border_radius=\u00bb100px\u00bb button_font=\u00bbRubik|500||on|||||\u00bb button_custom_padding=\u00bb16px|40px|16px|40px|true|true\u00bb hover_enabled=\u00bb0&#8243; button_text_size_tablet=\u00bb\u00bb button_text_size_phone=\u00bb14px\u00bb button_text_size_last_edited=\u00bbon|phone\u00bb global_colors_info=\u00bb{}\u00bb sticky_enabled=\u00bb0&#8243;][et_pb_contact_field field_id=\u00bbName\u00bb field_title=\u00bbNombre\u00bb fullwidth_field=\u00bbon\u00bb _builder_version=\u00bb4.24.2&#8243; global_colors_info=\u00bb{}\u00bb button_text_size__hover_enabled=\u00bboff\u00bb button_one_text_size__hover_enabled=\u00bboff\u00bb button_two_text_size__hover_enabled=\u00bboff\u00bb button_text_color__hover_enabled=\u00bboff\u00bb button_one_text_color__hover_enabled=\u00bboff\u00bb button_two_text_color__hover_enabled=\u00bboff\u00bb button_border_width__hover_enabled=\u00bboff\u00bb button_one_border_width__hover_enabled=\u00bboff\u00bb button_two_border_width__hover_enabled=\u00bboff\u00bb button_border_color__hover_enabled=\u00bboff\u00bb button_one_border_color__hover_enabled=\u00bboff\u00bb button_two_border_color__hover_enabled=\u00bboff\u00bb button_border_radius__hover_enabled=\u00bboff\u00bb button_one_border_radius__hover_enabled=\u00bboff\u00bb button_two_border_radius__hover_enabled=\u00bboff\u00bb button_letter_spacing__hover_enabled=\u00bboff\u00bb button_one_letter_spacing__hover_enabled=\u00bboff\u00bb button_two_letter_spacing__hover_enabled=\u00bboff\u00bb button_bg_color__hover_enabled=\u00bboff\u00bb button_one_bg_color__hover_enabled=\u00bboff\u00bb button_two_bg_color__hover_enabled=\u00bboff\u00bb][\/et_pb_contact_field][et_pb_contact_field field_id=\u00bbEmail\u00bb field_title=\u00bbEmail\u00bb field_type=\u00bbemail\u00bb fullwidth_field=\u00bbon\u00bb _builder_version=\u00bb4.24.2&#8243; global_colors_info=\u00bb{}\u00bb button_text_size__hover_enabled=\u00bboff\u00bb button_one_text_size__hover_enabled=\u00bboff\u00bb button_two_text_size__hover_enabled=\u00bboff\u00bb button_text_color__hover_enabled=\u00bboff\u00bb button_one_text_color__hover_enabled=\u00bboff\u00bb button_two_text_color__hover_enabled=\u00bboff\u00bb button_border_width__hover_enabled=\u00bboff\u00bb button_one_border_width__hover_enabled=\u00bboff\u00bb button_two_border_width__hover_enabled=\u00bboff\u00bb button_border_color__hover_enabled=\u00bboff\u00bb button_one_border_color__hover_enabled=\u00bboff\u00bb button_two_border_color__hover_enabled=\u00bboff\u00bb button_border_radius__hover_enabled=\u00bboff\u00bb button_one_border_radius__hover_enabled=\u00bboff\u00bb button_two_border_radius__hover_enabled=\u00bboff\u00bb button_letter_spacing__hover_enabled=\u00bboff\u00bb button_one_letter_spacing__hover_enabled=\u00bboff\u00bb button_two_letter_spacing__hover_enabled=\u00bboff\u00bb button_bg_color__hover_enabled=\u00bboff\u00bb button_one_bg_color__hover_enabled=\u00bboff\u00bb button_two_bg_color__hover_enabled=\u00bboff\u00bb][\/et_pb_contact_field][et_pb_contact_field field_id=\u00bbMessage\u00bb field_title=\u00bbMensaje\u00bb field_type=\u00bbtext\u00bb fullwidth_field=\u00bbon\u00bb _builder_version=\u00bb4.24.2&#8243; global_colors_info=\u00bb{}\u00bb button_text_size__hover_enabled=\u00bboff\u00bb button_one_text_size__hover_enabled=\u00bboff\u00bb button_two_text_size__hover_enabled=\u00bboff\u00bb button_text_color__hover_enabled=\u00bboff\u00bb button_one_text_color__hover_enabled=\u00bboff\u00bb button_two_text_color__hover_enabled=\u00bboff\u00bb button_border_width__hover_enabled=\u00bboff\u00bb button_one_border_width__hover_enabled=\u00bboff\u00bb button_two_border_width__hover_enabled=\u00bboff\u00bb button_border_color__hover_enabled=\u00bboff\u00bb button_one_border_color__hover_enabled=\u00bboff\u00bb button_two_border_color__hover_enabled=\u00bboff\u00bb button_border_radius__hover_enabled=\u00bboff\u00bb button_one_border_radius__hover_enabled=\u00bboff\u00bb button_two_border_radius__hover_enabled=\u00bboff\u00bb button_letter_spacing__hover_enabled=\u00bboff\u00bb button_one_letter_spacing__hover_enabled=\u00bboff\u00bb button_two_letter_spacing__hover_enabled=\u00bboff\u00bb button_bg_color__hover_enabled=\u00bboff\u00bb button_one_bg_color__hover_enabled=\u00bboff\u00bb button_two_bg_color__hover_enabled=\u00bboff\u00bb][\/et_pb_contact_field][\/et_pb_contact_form][\/et_pb_column][\/et_pb_row][\/et_pb_section][et_pb_section fb_built=\u00bb1&#8243; admin_label=\u00bbContact Info\u00bb _builder_version=\u00bb4.16&#8243; background_image=\u00bbhttps:\/\/atanceenglish.com\/wp-content\/uploads\/2024\/10\/interpreter-66.png\u00bb background_size=\u00bbcontain\u00bb background_position=\u00bbcenter_left\u00bb global_colors_info=\u00bb{}\u00bb][et_pb_row column_structure=\u00bb1_3,1_3,1_3&#8243; _builder_version=\u00bb4.16&#8243; custom_padding=\u00bb||80px|||\u00bb locked=\u00bboff\u00bb global_colors_info=\u00bb{}\u00bb][et_pb_column type=\u00bb1_3&#8243; _builder_version=\u00bb4.16&#8243; background_color=\u00bb#ffffff\u00bb custom_padding=\u00bb40px|20px|40px|20px|true|true\u00bb border_radii=\u00bbon|24px|24px|24px|24px\u00bb box_shadow_style=\u00bbpreset3&#8243; box_shadow_vertical=\u00bb32px\u00bb box_shadow_blur=\u00bb52px\u00bb box_shadow_spread=\u00bb0px\u00bb box_shadow_color=\u00bbrgba(26,48,102,0.1)\u00bb global_colors_info=\u00bb{}\u00bb][et_pb_blurb title=\u00bbEmail\u00bb image=\u00bbhttps:\/\/atanceenglish.com\/wp-content\/uploads\/2024\/10\/interpreter-icon-30.png\u00bb _builder_version=\u00bb4.16&#8243; header_font=\u00bbRubik|500|||||||\u00bb header_text_color=\u00bb#1a3066&#8243; header_font_size=\u00bb18px\u00bb header_line_height=\u00bb1.2em\u00bb body_font=\u00bbRubik||||||||\u00bb body_font_size=\u00bb15px\u00bb body_line_height=\u00bb1.6em\u00bb body_link_text_color=\u00bb#666666&#8243; text_orientation=\u00bbcenter\u00bb global_colors_info=\u00bb{}\u00bb]<\/p>\n<p>pepeatance@gmail.com\u00a0<\/p>\n<p>[\/et_pb_blurb][\/et_pb_column][et_pb_column type=\u00bb1_3&#8243; _builder_version=\u00bb4.16&#8243; background_color=\u00bb#ffffff\u00bb custom_padding=\u00bb40px|20px|40px|20px|true|true\u00bb border_radii=\u00bbon|24px|24px|24px|24px\u00bb box_shadow_style=\u00bbpreset3&#8243; box_shadow_vertical=\u00bb32px\u00bb box_shadow_blur=\u00bb52px\u00bb box_shadow_spread=\u00bb0px\u00bb box_shadow_color=\u00bbrgba(26,48,102,0.1)\u00bb global_colors_info=\u00bb{}\u00bb][et_pb_blurb title=\u00bbTelefono\u00bb image=\u00bbhttps:\/\/atanceenglish.com\/wp-content\/uploads\/2024\/10\/interpreter-icon-31.png\u00bb _builder_version=\u00bb4.16&#8243; header_font=\u00bbRubik|500|||||||\u00bb header_text_color=\u00bb#1a3066&#8243; header_font_size=\u00bb18px\u00bb header_line_height=\u00bb1.2em\u00bb body_font=\u00bbRubik||||||||\u00bb body_font_size=\u00bb15px\u00bb body_line_height=\u00bb1.6em\u00bb text_orientation=\u00bbcenter\u00bb locked=\u00bboff\u00bb global_colors_info=\u00bb{}\u00bb]<\/p>\n<p>\u00a0+34 607 198 515<\/p>\n<p>[\/et_pb_blurb][\/et_pb_column][et_pb_column type=\u00bb1_3&#8243; _builder_version=\u00bb4.16&#8243; background_color=\u00bb#ffffff\u00bb custom_padding=\u00bb40px|20px|40px|20px|true|true\u00bb border_radii=\u00bbon|24px|24px|24px|24px\u00bb box_shadow_style=\u00bbpreset3&#8243; box_shadow_vertical=\u00bb32px\u00bb box_shadow_blur=\u00bb52px\u00bb box_shadow_spread=\u00bb0px\u00bb box_shadow_color=\u00bbrgba(26,48,102,0.1)\u00bb global_colors_info=\u00bb{}\u00bb][et_pb_blurb title=\u00bbDireci\u00f3n\u00bb image=\u00bbhttps:\/\/atanceenglish.com\/wp-content\/uploads\/2024\/10\/interpreter-icon-32.png\u00bb _builder_version=\u00bb4.16&#8243; header_font=\u00bbRubik|500|||||||\u00bb header_text_color=\u00bb#1a3066&#8243; header_font_size=\u00bb18px\u00bb header_line_height=\u00bb1.2em\u00bb body_font=\u00bbRubik||||||||\u00bb body_font_size=\u00bb15px\u00bb body_line_height=\u00bb1.6em\u00bb text_orientation=\u00bbcenter\u00bb custom_margin=\u00bb||-22px|||\u00bb locked=\u00bboff\u00bb global_colors_info=\u00bb{}\u00bb]<\/p>\n<p><span>Pasadizo Pintor Racionero Castro N 14 Cordoba<\/span><\/p>\n<p>[\/et_pb_blurb][\/et_pb_column][\/et_pb_row][\/et_pb_section][et_pb_section fb_built=\u00bb1&#8243; custom_padding_last_edited=\u00bbon|phone\u00bb admin_label=\u00bbFAQ\u00bb _builder_version=\u00bb4.16&#8243; background_image=\u00bbhttps:\/\/atanceenglish.com\/wp-content\/uploads\/2024\/10\/interpreter-51.png\u00bb background_size=\u00bbcontain\u00bb background_position=\u00bbtop_center\u00bb custom_padding=\u00bb||130px||false|false\u00bb custom_padding_tablet=\u00bb||0px||false|false\u00bb custom_padding_phone=\u00bb\u00bb locked=\u00bboff\u00bb global_colors_info=\u00bb{}\u00bb][et_pb_row _builder_version=\u00bb4.16&#8243; global_colors_info=\u00bb{}\u00bb][et_pb_column type=\u00bb4_4&#8243; _builder_version=\u00bb4.16&#8243; global_colors_info=\u00bb{}\u00bb][et_pb_divider color=\u00bb#6E98F2&#8243; divider_weight=\u00bb8px\u00bb _builder_version=\u00bb4.16&#8243; width=\u00bb100%\u00bb max_width=\u00bb40px\u00bb module_alignment=\u00bbcenter\u00bb locked=\u00bboff\u00bb global_colors_info=\u00bb{}\u00bb][\/et_pb_divider][et_pb_text _builder_version=\u00bb4.16&#8243; header_font=\u00bbRubik|500|||||||\u00bb header_text_color=\u00bb#1a3066&#8243; header_font_size=\u00bb54px\u00bb header_line_height=\u00bb1.3em\u00bb header_2_font=\u00bbRubik|500|||||||\u00bb header_2_font_size=\u00bb38px\u00bb header_2_line_height=\u00bb1.3em\u00bb text_orientation=\u00bbcenter\u00bb background_layout=\u00bbdark\u00bb max_width=\u00bb600px\u00bb module_alignment=\u00bbcenter\u00bb header_font_size_tablet=\u00bb44px\u00bb header_font_size_phone=\u00bb34px\u00bb header_font_size_last_edited=\u00bbon|phone\u00bb header_2_font_size_tablet=\u00bb30px\u00bb header_2_font_size_phone=\u00bb24px\u00bb header_2_font_size_last_edited=\u00bbon|phone\u00bb locked=\u00bboff\u00bb global_colors_info=\u00bb{}\u00bb]<\/p>\n<h2>FAQ<\/h2>\n<p>[\/et_pb_text][\/et_pb_column][\/et_pb_row][et_pb_row column_structure=\u00bb1_2,1_2&#8243; _builder_version=\u00bb4.16&#8243; max_width=\u00bb960px\u00bb global_colors_info=\u00bb{}\u00bb][et_pb_column type=\u00bb1_2&#8243; _builder_version=\u00bb4.16&#8243; global_colors_info=\u00bb{}\u00bb][et_pb_toggle title=\u00bbLorem ipsum dolor sit amet, consectetur?\u00bb open=\u00bbon\u00bb open_toggle_text_color=\u00bb#1A3066&#8243; closed_toggle_background_color=\u00bb#ffffff\u00bb icon_color=\u00bb#0c71c3&#8243; open_icon_color=\u00bb#0c71c3&#8243; _builder_version=\u00bb4.16&#8243; title_text_color=\u00bb#1A3066&#8243; title_font=\u00bbRubik|500|||||||\u00bb title_font_size=\u00bb14px\u00bb title_line_height=\u00bb1.6em\u00bb custom_padding=\u00bb30px|30px|30px|30px|true|true\u00bb custom_padding_tablet=\u00bb20px|20px|20px|20px|true|true\u00bb custom_padding_phone=\u00bb\u00bb custom_padding_last_edited=\u00bbon|tablet\u00bb border_radii=\u00bbon|16px|16px|16px|16px\u00bb border_width_all=\u00bb0px\u00bb box_shadow_style=\u00bbpreset3&#8243; box_shadow_vertical=\u00bb32px\u00bb box_shadow_blur=\u00bb52px\u00bb box_shadow_spread=\u00bb0px\u00bb box_shadow_color=\u00bbrgba(26,48,102,0.1)\u00bb global_colors_info=\u00bb{}\u00bb]<\/p>\n<p>Lorem ipsum dolor sit amet, consectetur adipiscing elit. Fusce commodo, lectus ut suscipit euismod, quam sapien aliquet sapien, in bibendum sem est nec sem. Phasellus felis turpis,<\/p>\n<p>[\/et_pb_toggle][et_pb_toggle title=\u00bbFusce commodo lectus ut suscipit euismod quam sapien?\u00bb open_toggle_text_color=\u00bb#1A3066&#8243; closed_toggle_background_color=\u00bb#ffffff\u00bb icon_color=\u00bb#0c71c3&#8243; open_icon_color=\u00bb#0c71c3&#8243; _builder_version=\u00bb4.16&#8243; title_text_color=\u00bb#1A3066&#8243; title_font=\u00bbRubik|500|||||||\u00bb title_font_size=\u00bb14px\u00bb title_line_height=\u00bb1.6em\u00bb custom_padding=\u00bb30px|30px|30px|30px|true|true\u00bb custom_padding_tablet=\u00bb20px|20px|20px|20px|true|true\u00bb custom_padding_phone=\u00bb\u00bb custom_padding_last_edited=\u00bbon|tablet\u00bb border_radii=\u00bbon|16px|16px|16px|16px\u00bb border_width_all=\u00bb0px\u00bb box_shadow_style=\u00bbpreset3&#8243; box_shadow_vertical=\u00bb32px\u00bb box_shadow_blur=\u00bb52px\u00bb box_shadow_spread=\u00bb0px\u00bb box_shadow_color=\u00bbrgba(26,48,102,0.1)\u00bb global_colors_info=\u00bb{}\u00bb]<\/p>\n<p>Lorem ipsum dolor sit amet, consectetur adipiscing elit. Fusce commodo, lectus ut suscipit euismod, quam sapien aliquet sapien, in bibendum sem est nec sem. Phasellus felis turpis,<\/p>\n<p>[\/et_pb_toggle][et_pb_toggle title=\u00bb Aliquet sapien in bibendum sem est nec sem?\u00bb open_toggle_text_color=\u00bb#1A3066&#8243; closed_toggle_background_color=\u00bb#ffffff\u00bb icon_color=\u00bb#0c71c3&#8243; open_icon_color=\u00bb#0c71c3&#8243; _builder_version=\u00bb4.16&#8243; title_text_color=\u00bb#1A3066&#8243; title_font=\u00bbRubik|500|||||||\u00bb title_font_size=\u00bb14px\u00bb title_line_height=\u00bb1.6em\u00bb custom_padding=\u00bb30px|30px|30px|30px|true|true\u00bb custom_padding_tablet=\u00bb20px|20px|20px|20px|true|true\u00bb custom_padding_phone=\u00bb\u00bb custom_padding_last_edited=\u00bbon|tablet\u00bb border_radii=\u00bbon|16px|16px|16px|16px\u00bb border_width_all=\u00bb0px\u00bb box_shadow_style=\u00bbpreset3&#8243; box_shadow_vertical=\u00bb32px\u00bb box_shadow_blur=\u00bb52px\u00bb box_shadow_spread=\u00bb0px\u00bb box_shadow_color=\u00bbrgba(26,48,102,0.1)\u00bb global_colors_info=\u00bb{}\u00bb]<\/p>\n<p>Lorem ipsum dolor sit amet, consectetur adipiscing elit. Fusce commodo, lectus ut suscipit euismod, quam sapien aliquet sapien, in bibendum sem est nec sem. Phasellus felis turpis,<\/p>\n<p>[\/et_pb_toggle][\/et_pb_column][et_pb_column type=\u00bb1_2&#8243; _builder_version=\u00bb4.16&#8243; global_colors_info=\u00bb{}\u00bb][et_pb_toggle title=\u00bb Aliquet sapien in bibendum sem est nec sem?\u00bb open_toggle_text_color=\u00bb#1A3066&#8243; closed_toggle_background_color=\u00bb#ffffff\u00bb icon_color=\u00bb#0c71c3&#8243; open_icon_color=\u00bb#0c71c3&#8243; _builder_version=\u00bb4.16&#8243; title_text_color=\u00bb#1A3066&#8243; title_font=\u00bbRubik|500|||||||\u00bb title_font_size=\u00bb14px\u00bb title_line_height=\u00bb1.6em\u00bb custom_padding=\u00bb30px|30px|30px|30px|true|true\u00bb custom_padding_tablet=\u00bb20px|20px|20px|20px|true|true\u00bb custom_padding_phone=\u00bb\u00bb custom_padding_last_edited=\u00bbon|tablet\u00bb border_radii=\u00bbon|16px|16px|16px|16px\u00bb border_width_all=\u00bb0px\u00bb box_shadow_style=\u00bbpreset3&#8243; box_shadow_vertical=\u00bb32px\u00bb box_shadow_blur=\u00bb52px\u00bb box_shadow_spread=\u00bb0px\u00bb box_shadow_color=\u00bbrgba(26,48,102,0.1)\u00bb global_colors_info=\u00bb{}\u00bb]<\/p>\n<p>Lorem ipsum dolor sit amet, consectetur adipiscing elit. Fusce commodo, lectus ut suscipit euismod, quam sapien aliquet sapien, in bibendum sem est nec sem. Phasellus felis turpis,<\/p>\n<p>[\/et_pb_toggle][et_pb_toggle title=\u00bbFusce commodo lectus ut suscipit euismod quam sapien?\u00bb open_toggle_text_color=\u00bb#1A3066&#8243; closed_toggle_background_color=\u00bb#ffffff\u00bb icon_color=\u00bb#0c71c3&#8243; open_icon_color=\u00bb#0c71c3&#8243; _builder_version=\u00bb4.16&#8243; title_text_color=\u00bb#1A3066&#8243; title_font=\u00bbRubik|500|||||||\u00bb title_font_size=\u00bb14px\u00bb title_line_height=\u00bb1.6em\u00bb custom_padding=\u00bb30px|30px|30px|30px|true|true\u00bb custom_padding_tablet=\u00bb20px|20px|20px|20px|true|true\u00bb custom_padding_phone=\u00bb\u00bb custom_padding_last_edited=\u00bbon|tablet\u00bb border_radii=\u00bbon|16px|16px|16px|16px\u00bb border_width_all=\u00bb0px\u00bb box_shadow_style=\u00bbpreset3&#8243; box_shadow_vertical=\u00bb32px\u00bb box_shadow_blur=\u00bb52px\u00bb box_shadow_spread=\u00bb0px\u00bb box_shadow_color=\u00bbrgba(26,48,102,0.1)\u00bb global_colors_info=\u00bb{}\u00bb]<\/p>\n<p>Lorem ipsum dolor sit amet, consectetur adipiscing elit. Fusce commodo, lectus ut suscipit euismod, quam sapien aliquet sapien, in bibendum sem est nec sem. Phasellus felis turpis,<\/p>\n<p>[\/et_pb_toggle][et_pb_toggle title=\u00bbConsectetur adipiscing elit Fusce commodo ut susc?\u00bb open_toggle_text_color=\u00bb#1A3066&#8243; closed_toggle_background_color=\u00bb#ffffff\u00bb icon_color=\u00bb#0c71c3&#8243; open_icon_color=\u00bb#0c71c3&#8243; _builder_version=\u00bb4.16&#8243; title_text_color=\u00bb#1A3066&#8243; title_font=\u00bbRubik|500|||||||\u00bb title_font_size=\u00bb14px\u00bb title_line_height=\u00bb1.6em\u00bb custom_padding=\u00bb30px|30px|30px|30px|true|true\u00bb custom_padding_tablet=\u00bb20px|20px|20px|20px|true|true\u00bb custom_padding_phone=\u00bb\u00bb custom_padding_last_edited=\u00bbon|tablet\u00bb border_radii=\u00bbon|16px|16px|16px|16px\u00bb border_width_all=\u00bb0px\u00bb box_shadow_style=\u00bbpreset3&#8243; box_shadow_vertical=\u00bb32px\u00bb box_shadow_blur=\u00bb52px\u00bb box_shadow_spread=\u00bb0px\u00bb box_shadow_color=\u00bbrgba(26,48,102,0.1)\u00bb global_colors_info=\u00bb{}\u00bb]<\/p>\n<p>Lorem ipsum dolor sit amet, consectetur adipiscing elit. Fusce commodo, lectus ut suscipit euismod, quam sapien aliquet sapien, in bibendum sem est nec sem. Phasellus felis turpis,<\/p>\n<p>[\/et_pb_toggle][et_pb_toggle title=\u00bbLorem ipsum dolor sit amet, consectetur?\u00bb open_toggle_text_color=\u00bb#1A3066&#8243; closed_toggle_background_color=\u00bb#ffffff\u00bb icon_color=\u00bb#0c71c3&#8243; open_icon_color=\u00bb#0c71c3&#8243; _builder_version=\u00bb4.16&#8243; title_text_color=\u00bb#1A3066&#8243; title_font=\u00bbRubik|500|||||||\u00bb title_font_size=\u00bb14px\u00bb title_line_height=\u00bb1.6em\u00bb custom_padding=\u00bb30px|30px|30px|30px|true|true\u00bb custom_padding_tablet=\u00bb20px|20px|20px|20px|true|true\u00bb custom_padding_phone=\u00bb\u00bb custom_padding_last_edited=\u00bbon|tablet\u00bb border_radii=\u00bbon|16px|16px|16px|16px\u00bb border_width_all=\u00bb0px\u00bb box_shadow_style=\u00bbpreset3&#8243; box_shadow_vertical=\u00bb32px\u00bb box_shadow_blur=\u00bb52px\u00bb box_shadow_spread=\u00bb0px\u00bb box_shadow_color=\u00bbrgba(26,48,102,0.1)\u00bb global_colors_info=\u00bb{}\u00bb]<\/p>\n<p>Lorem ipsum dolor sit amet, consectetur adipiscing elit. Fusce commodo, lectus ut suscipit euismod, quam sapien aliquet sapien, in bibendum sem est nec sem. Phasellus felis turpis,<\/p>\n<p>[\/et_pb_toggle][\/et_pb_column][\/et_pb_row][\/et_pb_section][et_pb_section fb_built=\u00bb1&#8243; custom_padding_last_edited=\u00bboff|desktop\u00bb admin_label=\u00bbFooter\u00bb _builder_version=\u00bb4.16&#8243; background_image=\u00bbhttps:\/\/atanceenglish.com\/wp-content\/uploads\/2024\/10\/interpreter-74.png\u00bb background_position=\u00bbtop_center\u00bb custom_padding=\u00bb||0px|||\u00bb locked=\u00bboff\u00bb global_colors_info=\u00bb{}\u00bb][et_pb_row _builder_version=\u00bb4.16&#8243; width=\u00bb100%\u00bb max_width=\u00bbnone\u00bb custom_padding=\u00bb||0px|||\u00bb global_colors_info=\u00bb{}\u00bb][et_pb_column type=\u00bb4_4&#8243; _builder_version=\u00bb4.16&#8243; global_colors_info=\u00bb{}\u00bb][et_pb_image src=\u00bbhttps:\/\/atanceenglish.com\/wp-content\/uploads\/2024\/10\/interpreter-72.png\u00bb title_text=\u00bbinterpreter-72&#8243; _builder_version=\u00bb4.16&#8243; transform_origin=\u00bb50%|100%\u00bb global_colors_info=\u00bb{}\u00bb][\/et_pb_image][\/et_pb_column][\/et_pb_row][\/et_pb_section]<\/p>","protected":false},"excerpt":{"rendered":"<p>Cont\u00e1ctame para empezar tu camino en ingl\u00e9s Con m\u00e1s de 15 a\u00f1os de experiencia en ense\u00f1anza y preparaci\u00f3n para ex\u00e1menes oficiales, ofrezco clases de ingl\u00e9s online adaptadas a cada necesidad. Desde el primer contacto, estar\u00e9 disponible para ajustar horarios y contenidos a tus objetivos, ya sea mejorar tu conversaci\u00f3n, aprobar un examen Cambridge, o dominar [&hellip;]<\/p>","protected":false},"author":1,"featured_media":0,"parent":0,"menu_order":0,"comment_status":"closed","ping_status":"closed","template":"","meta":{"_et_pb_use_builder":"on","_et_pb_old_content":"","_et_gb_content_width":"","footnotes":""},"class_list":["post-84","page","type-page","status-publish","hentry"],"aioseo_notices":[],"_links":{"self":[{"href":"https:\/\/atanceenglish.com\/en\/wp-json\/wp\/v2\/pages\/84","targetHints":{"allow":["GET"]}}],"collection":[{"href":"https:\/\/atanceenglish.com\/en\/wp-json\/wp\/v2\/pages"}],"about":[{"href":"https:\/\/atanceenglish.com\/en\/wp-json\/wp\/v2\/types\/page"}],"author":[{"embeddable":true,"href":"https:\/\/atanceenglish.com\/en\/wp-json\/wp\/v2\/users\/1"}],"replies":[{"embeddable":true,"href":"https:\/\/atanceenglish.com\/en\/wp-json\/wp\/v2\/comments?post=84"}],"version-history":[{"count":4,"href":"https:\/\/atanceenglish.com\/en\/wp-json\/wp\/v2\/pages\/84\/revisions"}],"predecessor-version":[{"id":129,"href":"https:\/\/atanceenglish.com\/en\/wp-json\/wp\/v2\/pages\/84\/revisions\/129"}],"wp:attachment":[{"href":"https:\/\/atanceenglish.com\/en\/wp-json\/wp\/v2\/media?parent=84"}],"curies":[{"name":"wp","href":"https:\/\/api.w.org\/{rel}","templated":true}]}}