{"id":95,"date":"2024-10-30T10:12:53","date_gmt":"2024-10-30T10:12:53","guid":{"rendered":"https:\/\/atanceenglish.com\/?page_id=95"},"modified":"2025-01-25T04:39:15","modified_gmt":"2025-01-25T04:39:15","slug":"sobre-mi","status":"publish","type":"page","link":"https:\/\/atanceenglish.com\/en\/sobre-mi\/","title":{"rendered":"About Me"},"content":{"rendered":"<p>[et_pb_section fb_built=\u00bb1&#8243; admin_label=\u00bbHeader\u00bb _builder_version=\u00bb4.16&#8243; locked=\u00bboff\u00bb global_colors_info=\u00bb{}\u00bb][et_pb_row column_structure=\u00bb1_2,1_2&#8243; _builder_version=\u00bb4.27.2&#8243; global_colors_info=\u00bb{}\u00bb][et_pb_column type=\u00bb1_2&#8243; _builder_version=\u00bb4.27.2&#8243; z_index=\u00bb11&#8243; custom_padding=\u00bb50px||||false|false\u00bb custom_padding_tablet=\u00bb0px||||false|false\u00bb custom_padding_phone=\u00bb\u00bb custom_padding_last_edited=\u00bbon|tablet\u00bb global_colors_info=\u00bb{}\u00bb][et_pb_text _builder_version=\u00bb4.27.2&#8243; text_font=\u00bb&#8211;et_global_heading_font||||||||\u00bb text_font_size=\u00bb18px\u00bb text_line_height=\u00bb2em\u00bb header_font=\u00bbRubik|500|||||||\u00bb header_text_color=\u00bb#1a3066&#8243; header_font_size=\u00bb54px\u00bb header_line_height=\u00bb1.3em\u00bb text_font_size_tablet=\u00bb16px\u00bb text_font_size_phone=\u00bb14px\u00bb text_font_size_last_edited=\u00bbon|phone\u00bb header_font_size_tablet=\u00bb44px\u00bb header_font_size_phone=\u00bb26px\u00bb header_font_size_last_edited=\u00bbon|phone\u00bb global_colors_info=\u00bb{}\u00bb]<\/p>\n<h1>About Me<\/h1>\n<p>I always believed that new technologies would be key in education, enabling us to go further and adapt to the changes of an ever-evolving world. After years of experience in English academies, transitioning to digital was a natural step that allowed me to combine my passion for teaching with the power of technology. Today, as a freelance teacher, I offer accessible, effective, and personalized online classes.<\/p>\n<p>[\/et_pb_text][et_pb_button button_text=\u00bbCont\u00e1ctame para empezar a aprender\u00bb _builder_version=\u00bb4.24.2&#8243; custom_button=\u00bbon\u00bb button_text_size=\u00bb18px\u00bb button_text_color=\u00bb#FFFFFF\u00bb button_bg_use_color_gradient=\u00bbon\u00bb button_bg_color_gradient_direction=\u00bb306deg\u00bb button_bg_color_gradient_stops=\u00bb#e08d5e 1%|#9e00dd 60%|#de00f7 100%\u00bb button_border_width=\u00bb0px\u00bb button_border_radius=\u00bb100px\u00bb button_font=\u00bbRubik|500||on|||||\u00bb custom_padding=\u00bb16px|40px|16px|40px|true|true\u00bb button_text_size_tablet=\u00bb\u00bb button_text_size_phone=\u00bb14px\u00bb button_text_size_last_edited=\u00bbon|phone\u00bb box_shadow_style=\u00bbpreset2&#8243; global_colors_info=\u00bb{}\u00bb][\/et_pb_button][\/et_pb_column][et_pb_column type=\u00bb1_2&#8243; _builder_version=\u00bb4.16&#8243; global_colors_info=\u00bb{}\u00bb][et_pb_image src=\u00bbhttps:\/\/atanceenglish.com\/wp-content\/uploads\/2025\/01\/JoseAtanceEnglishTutor-e1737383730571.jpg\u00bb title_text=\u00bbJoseAtanceEnglishTutor\u00bb align=\u00bbright\u00bb _builder_version=\u00bb4.27.2&#8243; width=\u00bb100%\u00bb custom_margin=\u00bb|0vw||0px|false|false\u00bb custom_margin_tablet=\u00bb|0px||0px|false|true\u00bb custom_margin_phone=\u00bb\u00bb custom_margin_last_edited=\u00bbon|phone\u00bb border_radii=\u00bbon|100px|100px|100px|100px\u00bb global_colors_info=\u00bb{}\u00bb][\/et_pb_image][\/et_pb_column][\/et_pb_row][\/et_pb_section][et_pb_section fb_built=\u00bb1&#8243; custom_padding_last_edited=\u00bbon|tablet\u00bb admin_label=\u00bbAbout\u00bb _builder_version=\u00bb4.27.2&#8243; background_image=\u00bbhttps:\/\/atanceenglish.com\/wp-content\/uploads\/2025\/01\/imagen_de_un_tutor_enseando_a_un_alumno_adulto_en_una_mesa_fondo_blanco_y_colores_claros_6aud6vg45fckjbwgxx20_0.png\u00bb background_size=\u00bbinitial\u00bb background_position=\u00bbcenter_left\u00bb custom_padding=\u00bb14px||14px||true|false\u00bb custom_padding_tablet=\u00bb0px||0px||true|false\u00bb custom_padding_phone=\u00bb\u00bb hover_enabled=\u00bb0&#8243; locked=\u00bboff\u00bb global_colors_info=\u00bb{}\u00bb title_text=\u00bbimagen_de_un_tutor_enseando_a_un_alumno_adulto_en_una_mesa_fondo_blanco_y_colores_claros_6aud6vg45fckjbwgxx20_0&#8243; background_horizontal_offset=\u00bb-13%\u00bb sticky_enabled=\u00bb0&#8243; use_background_color_gradient=\u00bbon\u00bb background_color_gradient_stops=\u00bbrgba(43,135,218,0) 15%|#ffffff 44%\u00bb background_color_gradient_direction=\u00bb109deg\u00bb background_color_gradient_overlays_image=\u00bbon\u00bb][et_pb_row column_structure=\u00bb1_3,2_3&#8243; _builder_version=\u00bb4.27.2&#8243; hover_enabled=\u00bb0&#8243; global_colors_info=\u00bb{}\u00bb sticky_enabled=\u00bb0&#8243;][et_pb_column type=\u00bb1_3&#8243; _builder_version=\u00bb4.16&#8243; global_colors_info=\u00bb{}\u00bb][\/et_pb_column][et_pb_column type=\u00bb2_3&#8243; _builder_version=\u00bb4.27.2&#8243; background_enable_color=\u00bboff\u00bb background_enable_image=\u00bboff\u00bb custom_padding=\u00bb|||20px|false|false\u00bb custom_padding_tablet=\u00bb|||0px|false|false\u00bb custom_padding_phone=\u00bb\u00bb custom_padding_last_edited=\u00bbon|phone\u00bb hover_enabled=\u00bb0&#8243; global_colors_info=\u00bb{}\u00bb sticky_enabled=\u00bb0&#8243;][et_pb_divider color=\u00bb#6E98F2&#8243; divider_weight=\u00bb8px\u00bb _builder_version=\u00bb4.24.2&#8243; max_width=\u00bb40px\u00bb locked=\u00bboff\u00bb global_colors_info=\u00bb{}\u00bb][\/et_pb_divider][et_pb_text _builder_version=\u00bb4.24.2&#8243; text_font=\u00bbRubik||||||||\u00bb text_font_size=\u00bb16px\u00bb text_line_height=\u00bb2em\u00bb header_font=\u00bbRubik|500|||||||\u00bb header_text_color=\u00bb#1a3066&#8243; header_font_size=\u00bb54px\u00bb header_line_height=\u00bb1.3em\u00bb header_2_font=\u00bbRubik|500|||||||\u00bb header_2_text_color=\u00bb#1a3066&#8243; header_2_font_size=\u00bb38px\u00bb header_2_line_height=\u00bb1.3em\u00bb text_font_size_tablet=\u00bb\u00bb text_font_size_phone=\u00bb14px\u00bb text_font_size_last_edited=\u00bbon|phone\u00bb header_font_size_tablet=\u00bb44px\u00bb header_font_size_phone=\u00bb34px\u00bb header_font_size_last_edited=\u00bbon|phone\u00bb header_2_font_size_tablet=\u00bb30px\u00bb header_2_font_size_phone=\u00bb24px\u00bb header_2_font_size_last_edited=\u00bbon|phone\u00bb locked=\u00bboff\u00bb global_colors_info=\u00bb{}\u00bb]<\/p>\n<h2>Who am I?<\/h2>\n<p>Con m\u00e1s de 15 a\u00f1os en el sector de la ense\u00f1anza de idiomas, he tenido la oportunidad de trabajar en diferentes entornos, desde academias de ingl\u00e9s hasta medios de comunicaci\u00f3n como int\u00e9rprete y corrector de estilo. Mi formaci\u00f3n incluye un m\u00e1ster en Multimedia y Nuevas Tecnolog\u00edas en Dubl\u00edn y un t\u00edtulo avanzado de ingl\u00e9s de la EOI. Este recorrido me ha ense\u00f1ado que cada estudiante es \u00fanico y que el aprendizaje debe adaptarse a sus necesidades, metas y ritmo[\/et_pb_text][\/et_pb_column][\/et_pb_row][\/et_pb_section][et_pb_section fb_built=\u00bb1&#8243; admin_label=\u00bbWhy Us\u00bb _builder_version=\u00bb4.16&#8243; custom_padding=\u00bb4px|||||\u00bb locked=\u00bboff\u00bb global_colors_info=\u00bb{}\u00bb][et_pb_row column_structure=\u00bb1_2,1_2&#8243; _builder_version=\u00bb4.16&#8243; global_colors_info=\u00bb{}\u00bb][et_pb_column type=\u00bb1_2&#8243; _builder_version=\u00bb4.16&#8243; custom_padding=\u00bb80px||||false|false\u00bb custom_padding_tablet=\u00bb0px||||false|false\u00bb custom_padding_phone=\u00bb\u00bb custom_padding_last_edited=\u00bbon|tablet\u00bb global_colors_info=\u00bb{}\u00bb][et_pb_divider color=\u00bb#6E98F2&#8243; divider_weight=\u00bb8px\u00bb _builder_version=\u00bb4.16&#8243; max_width=\u00bb40px\u00bb global_colors_info=\u00bb{}\u00bb][\/et_pb_divider][et_pb_text _builder_version=\u00bb4.24.2&#8243; text_font=\u00bbRubik||||||||\u00bb text_font_size=\u00bb16px\u00bb text_line_height=\u00bb2em\u00bb header_font=\u00bbRubik|500|||||||\u00bb header_text_color=\u00bb#1a3066&#8243; header_font_size=\u00bb54px\u00bb header_line_height=\u00bb1.3em\u00bb header_2_font=\u00bbRubik|500|||||||\u00bb header_2_text_color=\u00bb#1a3066&#8243; header_2_font_size=\u00bb38px\u00bb header_2_line_height=\u00bb1.3em\u00bb text_font_size_tablet=\u00bb\u00bb text_font_size_phone=\u00bb14px\u00bb text_font_size_last_edited=\u00bbon|phone\u00bb header_font_size_tablet=\u00bb44px\u00bb header_font_size_phone=\u00bb34px\u00bb header_font_size_last_edited=\u00bbon|phone\u00bb header_2_font_size_tablet=\u00bb30px\u00bb header_2_font_size_phone=\u00bb24px\u00bb header_2_font_size_last_edited=\u00bbon|phone\u00bb locked=\u00bboff\u00bb global_colors_info=\u00bb{}\u00bb]<\/p>\n<h2>Why Choose My Classes?<\/h2>\n<p>M\u00e1s de 15 a\u00f1os de experiencia en la ense\u00f1anza y preparaci\u00f3n para ex\u00e1menes oficiales como Cambridge.[\/et_pb_text][\/et_pb_column][et_pb_column type=\u00bb1_2&#8243; _builder_version=\u00bb4.16&#8243; global_colors_info=\u00bb{}\u00bb][\/et_pb_column][\/et_pb_row][et_pb_row column_structure=\u00bb1_3,1_3,1_3&#8243; _builder_version=\u00bb4.16&#8243; locked=\u00bboff\u00bb global_colors_info=\u00bb{}\u00bb][et_pb_column type=\u00bb1_3&#8243; _builder_version=\u00bb4.16&#8243; global_colors_info=\u00bb{}\u00bb][et_pb_blurb title=\u00bbEnfoque Personalizado\u00bb icon_alignment=\u00bbleft\u00bb content_max_width=\u00bb100%\u00bb _builder_version=\u00bb4.27.2&#8243; header_font=\u00bbRubik|500|||||||\u00bb header_text_color=\u00bb#1a3066&#8243; header_font_size=\u00bb20px\u00bb header_line_height=\u00bb1.3em\u00bb body_font=\u00bbRubik||||||||\u00bb body_font_size=\u00bb16px\u00bb body_line_height=\u00bb2em\u00bb animation=\u00bboff\u00bb hover_enabled=\u00bb0&#8243; body_font_size_tablet=\u00bb\u00bb body_font_size_phone=\u00bb14px\u00bb body_font_size_last_edited=\u00bbon|phone\u00bb global_colors_info=\u00bb{}\u00bb use_icon=\u00bbon\u00bb font_icon=\u00bb&#xe0f5;||divi||400&#8243; sticky_enabled=\u00bb0&#8243;]<\/p>\n<p>Complete adaptation to your goals and level, whether it's conversation, exams, or professional English.<\/p>\n<p>[\/et_pb_blurb][\/et_pb_column][et_pb_column type=\u00bb1_3&#8243; _builder_version=\u00bb4.16&#8243; global_colors_info=\u00bb{}\u00bb][et_pb_blurb title=\u00bbFlexibilidad y Comodidad\u00bb icon_alignment=\u00bbleft\u00bb content_max_width=\u00bb100%\u00bb _builder_version=\u00bb4.27.2&#8243; header_font=\u00bbRubik|500|||||||\u00bb header_text_color=\u00bb#1a3066&#8243; header_font_size=\u00bb20px\u00bb header_line_height=\u00bb1.3em\u00bb body_font=\u00bbRubik||||||||\u00bb body_font_size=\u00bb16px\u00bb body_line_height=\u00bb2em\u00bb animation=\u00bboff\u00bb hover_enabled=\u00bb0&#8243; body_font_size_tablet=\u00bb\u00bb body_font_size_phone=\u00bb14px\u00bb body_font_size_last_edited=\u00bbon|phone\u00bb locked=\u00bboff\u00bb global_colors_info=\u00bb{}\u00bb use_icon=\u00bbon\u00bb font_icon=\u00bb&#x52;||divi||400&#8243; sticky_enabled=\u00bb0&#8243;]<\/p>\n<p>Online classes through platforms like Zoom and Skype, allowing you to learn from the comfort of your home.<\/p>\n<p>[\/et_pb_blurb][\/et_pb_column][et_pb_column type=\u00bb1_3&#8243; _builder_version=\u00bb4.16&#8243; global_colors_info=\u00bb{}\u00bb][et_pb_blurb title=\u00bbMaterial Completo y Actualizado\u00bb icon_alignment=\u00bbleft\u00bb content_max_width=\u00bb100%\u00bb _builder_version=\u00bb4.27.2&#8243; header_font=\u00bbRubik|500|||||||\u00bb header_text_color=\u00bb#1a3066&#8243; header_font_size=\u00bb20px\u00bb header_line_height=\u00bb1.3em\u00bb body_font=\u00bbRubik||||||||\u00bb body_font_size=\u00bb16px\u00bb body_line_height=\u00bb2em\u00bb animation=\u00bboff\u00bb hover_enabled=\u00bb0&#8243; body_font_size_tablet=\u00bb\u00bb body_font_size_phone=\u00bb14px\u00bb body_font_size_last_edited=\u00bbon|phone\u00bb locked=\u00bboff\u00bb global_colors_info=\u00bb{}\u00bb use_icon=\u00bbon\u00bb font_icon=\u00bb&#xf518;||fa||900&#8243; sticky_enabled=\u00bb0&#8243;]<\/p>\n<p>I offer a wide variety of resources and digital materials that make learning easier.<\/p>\n<p>[\/et_pb_blurb][\/et_pb_column][\/et_pb_row][\/et_pb_section][et_pb_section fb_built=\u00bb1&#8243; custom_padding_last_edited=\u00bboff|desktop\u00bb admin_label=\u00bbFooter\u00bb _builder_version=\u00bb4.27.2&#8243; background_position=\u00bbtop_center\u00bb custom_padding=\u00bb||0px|||\u00bb hover_enabled=\u00bb0&#8243; locked=\u00bboff\u00bb global_colors_info=\u00bb{}\u00bb background_enable_image=\u00bboff\u00bb sticky_enabled=\u00bb0&#8243;][et_pb_row column_structure=\u00bb1_2,1_2&#8243; _builder_version=\u00bb4.16&#8243; custom_padding=\u00bb||0px|||\u00bb global_colors_info=\u00bb{}\u00bb][et_pb_column type=\u00bb1_2&#8243; _builder_version=\u00bb4.16&#8243; global_colors_info=\u00bb{}\u00bb][et_pb_divider color=\u00bb#6E98F2&#8243; divider_weight=\u00bb8px\u00bb _builder_version=\u00bb4.16&#8243; max_width=\u00bb40px\u00bb global_colors_info=\u00bb{}\u00bb][\/et_pb_divider][et_pb_text _builder_version=\u00bb4.16&#8243; header_font=\u00bbRubik|500|||||||\u00bb header_text_color=\u00bb#1a3066&#8243; header_font_size=\u00bb54px\u00bb header_line_height=\u00bb1.3em\u00bb header_2_font=\u00bbRubik|500|||||||\u00bb header_2_text_color=\u00bb#1a3066&#8243; header_2_font_size=\u00bb38px\u00bb header_2_line_height=\u00bb1.3em\u00bb header_3_font=\u00bbRubik|500|||||||\u00bb header_3_text_color=\u00bb#6E98F2&#8243; header_3_font_size=\u00bb38px\u00bb header_3_line_height=\u00bb1.3em\u00bb header_font_size_tablet=\u00bb44px\u00bb header_font_size_phone=\u00bb34px\u00bb header_font_size_last_edited=\u00bbon|phone\u00bb header_2_font_size_tablet=\u00bb30px\u00bb header_2_font_size_phone=\u00bb24px\u00bb header_2_font_size_last_edited=\u00bbon|phone\u00bb header_3_font_size_tablet=\u00bb30px\u00bb header_3_font_size_phone=\u00bb24px\u00bb header_3_font_size_last_edited=\u00bbon|phone\u00bb locked=\u00bboff\u00bb global_colors_info=\u00bb{}\u00bb]<\/p>\n<h2>Ready to Get Started? Contact me and find out how our classes can help you achieve your goals.<\/h2>\n<p>[\/et_pb_text][\/et_pb_column][et_pb_column type=\u00bb1_2&#8243; _builder_version=\u00bb4.16&#8243; global_colors_info=\u00bb{}\u00bb][\/et_pb_column][\/et_pb_row][et_pb_row column_structure=\u00bb1_2,1_2&#8243; _builder_version=\u00bb4.16&#8243; global_colors_info=\u00bb{}\u00bb][et_pb_column type=\u00bb1_2&#8243; _builder_version=\u00bb4.16&#8243; global_colors_info=\u00bb{}\u00bb][et_pb_button button_url=\u00bb@ET-DC@eyJkeW5hbWljIjp0cnVlLCJjb250ZW50IjoicG9zdF9saW5rX3VybF9wYWdlIiwic2V0dGluZ3MiOnsicG9zdF9pZCI6Ijg0In19@\u00bb button_text=\u00bbContacto\u00bb _builder_version=\u00bb4.24.2&#8243; _dynamic_attributes=\u00bbbutton_url\u00bb custom_button=\u00bbon\u00bb button_text_size=\u00bb18px\u00bb button_text_color=\u00bb#FFFFFF\u00bb button_bg_use_color_gradient=\u00bbon\u00bb button_bg_color_gradient_direction=\u00bb306deg\u00bb button_bg_color_gradient_stops=\u00bb#e08d5e 1%|#9e00dd 60%|#de00f7 100%\u00bb button_border_width=\u00bb0px\u00bb button_border_radius=\u00bb100px\u00bb button_font=\u00bbRubik|500||on|||||\u00bb custom_padding=\u00bb16px|40px|16px|40px|true|true\u00bb button_text_size_tablet=\u00bb\u00bb button_text_size_phone=\u00bb14px\u00bb button_text_size_last_edited=\u00bbon|phone\u00bb box_shadow_style=\u00bbpreset2&#8243; locked=\u00bboff\u00bb global_colors_info=\u00bb{}\u00bb][\/et_pb_button][\/et_pb_column][et_pb_column type=\u00bb1_2&#8243; _builder_version=\u00bb4.16&#8243; global_colors_info=\u00bb{}\u00bb][et_pb_text _builder_version=\u00bb4.16&#8243; text_font=\u00bbRubik||||||||\u00bb text_text_color=\u00bb#1A3066&#8243; text_font_size=\u00bb24px\u00bb text_line_height=\u00bb1.8em\u00bb max_width=\u00bb600px\u00bb module_alignment=\u00bbcenter\u00bb text_font_size_tablet=\u00bb16px\u00bb text_font_size_phone=\u00bb14px\u00bb text_font_size_last_edited=\u00bbon|desktop\u00bb locked=\u00bboff\u00bb global_colors_info=\u00bb{}\u00bb]<\/p>\n<p>For any questions, you can fill out the contact form or send an email to<\/p>\n<p>[\/et_pb_text][et_pb_text _builder_version=\u00bb4.24.2&#8243; text_font=\u00bbRubik||||||||\u00bb text_text_color=\u00bb#fd335a\u00bb text_font_size=\u00bb24px\u00bb link_text_color=\u00bb#fd335a\u00bb max_width=\u00bb600px\u00bb module_alignment=\u00bbcenter\u00bb text_font_size_tablet=\u00bb20px\u00bb text_font_size_phone=\u00bb16px\u00bb text_font_size_last_edited=\u00bbon|phone\u00bb locked=\u00bboff\u00bb global_colors_info=\u00bb{}\u00bb]<\/p>\n<p><a href=\"mailto:pepeatance@gmail.com\">pepeatance@gmail.com<\/a><\/p>\n<p>[\/et_pb_text][\/et_pb_column][\/et_pb_row][et_pb_row column_structure=\u00bb1_2,1_4,1_4&#8243; _builder_version=\u00bb4.16&#8243; global_colors_info=\u00bb{}\u00bb][et_pb_column type=\u00bb1_2&#8243; _builder_version=\u00bb4.16&#8243; global_colors_info=\u00bb{}\u00bb][\/et_pb_column][et_pb_column type=\u00bb1_4&#8243; _builder_version=\u00bb4.16&#8243; global_colors_info=\u00bb{}\u00bb][et_pb_text _builder_version=\u00bb4.24.2&#8243; text_font=\u00bbRubik||||||||\u00bb text_font_size=\u00bb16px\u00bb text_line_height=\u00bb2em\u00bb header_3_font=\u00bbRubik|500||on|||||\u00bb header_3_text_color=\u00bb#1a3066&#8243; header_3_font_size=\u00bb14px\u00bb header_3_line_height=\u00bb1.3em\u00bb text_font_size_tablet=\u00bb\u00bb text_font_size_phone=\u00bb14px\u00bb text_font_size_last_edited=\u00bbon|phone\u00bb global_colors_info=\u00bb{}\u00bb]<\/p>\n<h3>office<\/h3>\n<p>calle Pintor Racionero Castro N 14 Cordoba<\/p>\n<p>[\/et_pb_text][\/et_pb_column][et_pb_column type=\u00bb1_4&#8243; _builder_version=\u00bb4.16&#8243; global_colors_info=\u00bb{}\u00bb][et_pb_text _builder_version=\u00bb4.27.2&#8243; text_font=\u00bbRubik||||||||\u00bb text_font_size=\u00bb16px\u00bb text_line_height=\u00bb2em\u00bb header_3_font=\u00bbRubik|500||on|||||\u00bb header_3_text_color=\u00bb#1a3066&#8243; header_3_font_size=\u00bb14px\u00bb header_3_line_height=\u00bb1.3em\u00bb text_font_size_tablet=\u00bb\u00bb text_font_size_phone=\u00bb14px\u00bb text_font_size_last_edited=\u00bbon|phone\u00bb locked=\u00bboff\u00bb global_colors_info=\u00bb{}\u00bb]<\/p>\n<h3>Hours<\/h3>\n<p>10 to 14 \u2013 17to 20<br \/>Working Days<\/p>\n<p>[\/et_pb_text][\/et_pb_column][\/et_pb_row][\/et_pb_section]<\/p>","protected":false},"excerpt":{"rendered":"<p>Sobre M\u00ed Siempre cre\u00ed que las nuevas tecnolog\u00edas ser\u00edan clave en la ense\u00f1anza, permitiendo llegar m\u00e1s lejos y adaptarse a los cambios de un mundo en constante evoluci\u00f3n. Tras a\u00f1os de experiencia en academias de ingl\u00e9s, el cambio hacia lo digital fue un paso natural que me permiti\u00f3 combinar mi pasi\u00f3n por la ense\u00f1anza con [&hellip;]<\/p>","protected":false},"author":1,"featured_media":0,"parent":0,"menu_order":0,"comment_status":"closed","ping_status":"closed","template":"","meta":{"_et_pb_use_builder":"on","_et_pb_old_content":"","_et_gb_content_width":"","footnotes":""},"class_list":["post-95","page","type-page","status-publish","hentry"],"aioseo_notices":[],"_links":{"self":[{"href":"https:\/\/atanceenglish.com\/en\/wp-json\/wp\/v2\/pages\/95","targetHints":{"allow":["GET"]}}],"collection":[{"href":"https:\/\/atanceenglish.com\/en\/wp-json\/wp\/v2\/pages"}],"about":[{"href":"https:\/\/atanceenglish.com\/en\/wp-json\/wp\/v2\/types\/page"}],"author":[{"embeddable":true,"href":"https:\/\/atanceenglish.com\/en\/wp-json\/wp\/v2\/users\/1"}],"replies":[{"embeddable":true,"href":"https:\/\/atanceenglish.com\/en\/wp-json\/wp\/v2\/comments?post=95"}],"version-history":[{"count":8,"href":"https:\/\/atanceenglish.com\/en\/wp-json\/wp\/v2\/pages\/95\/revisions"}],"predecessor-version":[{"id":193,"href":"https:\/\/atanceenglish.com\/en\/wp-json\/wp\/v2\/pages\/95\/revisions\/193"}],"wp:attachment":[{"href":"https:\/\/atanceenglish.com\/en\/wp-json\/wp\/v2\/media?parent=95"}],"curies":[{"name":"wp","href":"https:\/\/api.w.org\/{rel}","templated":true}]}}